{"id":1008,"date":"2025-09-02T10:00:00","date_gmt":"2025-09-02T08:00:00","guid":{"rendered":"https:\/\/andreha.net\/?page_id=1008"},"modified":"2025-09-02T10:00:00","modified_gmt":"2025-09-02T08:00:00","slug":"faq","status":"publish","type":"page","link":"https:\/\/andreha.net\/?page_id=1008","title":{"rendered":"FAQ"},"content":{"rendered":"<h1>FAQ<\/h1>\n<h3>Erstellen Sie DRV-Gutachten ohne Untersuchung?<\/h3>\n<p>Ja, als <strong>Aktenlagegutachten<\/strong> mit <strong>Validierungsgespr\u00e4ch<\/strong>\/-gespr\u00e4chen. <em>Aussagegrenzen<\/em> werden ausdr\u00fccklich benannt.<\/p>\n<h3>Kann ich ein eigenes Gutachten beauftragen?<\/h3>\n<p>DRV-Gutachten nur auf <strong>Anforderung der DRV<\/strong>. F\u00fcr gerichtliche\/privatrechtliche Zwecke biete ich <a href=\"\/privatgutachten\/\">Privatgutachten (Preis auf Anfrage)<\/a> an.<\/p>\n<h3>Wie schnell?<\/h3>\n<p>Je Priorit\u00e4t <strong>1\u20134 Wochen<\/strong> nach vollst\u00e4ndiger Aktenlage\/Validierung; Kapazit\u00e4t <strong>4 Gutachten\/Monat<\/strong>.<\/p>\n","protected":false},"excerpt":{"rendered":"<p>FAQ Erstellen Sie DRV-Gutachten ohne Untersuchung? Ja, als Aktenlagegutachten mit Validierungsgespr\u00e4ch\/-gespr\u00e4chen. Aussagegrenzen werden ausdr\u00fccklich benannt. Kann ich ein eigenes Gutachten beauftragen? DRV-Gutachten nur auf Anforderung der DRV. F\u00fcr gerichtliche\/privatrechtliche Zwecke biete ich Privatgutachten (Preis auf Anfrage) an. Wie schnell? Je Priorit\u00e4t 1\u20134 Wochen nach vollst\u00e4ndiger Aktenlage\/Validierung; Kapazit\u00e4t 4 Gutachten\/Monat.<\/p>\n","protected":false},"author":2,"featured_media":0,"parent":0,"menu_order":7,"comment_status":"closed","ping_status":"closed","template":"","meta":{"footnotes":""},"class_list":["post-1008","page","type-page","status-publish","hentry"],"_links":{"self":[{"href":"https:\/\/andreha.net\/index.php?rest_route=\/wp\/v2\/pages\/1008","targetHints":{"allow":["GET"]}}],"collection":[{"href":"https:\/\/andreha.net\/index.php?rest_route=\/wp\/v2\/pages"}],"about":[{"href":"https:\/\/andreha.net\/index.php?rest_route=\/wp\/v2\/types\/page"}],"author":[{"embeddable":true,"href":"https:\/\/andreha.net\/index.php?rest_route=\/wp\/v2\/users\/2"}],"replies":[{"embeddable":true,"href":"https:\/\/andreha.net\/index.php?rest_route=%2Fwp%2Fv2%2Fcomments&post=1008"}],"version-history":[{"count":0,"href":"https:\/\/andreha.net\/index.php?rest_route=\/wp\/v2\/pages\/1008\/revisions"}],"wp:attachment":[{"href":"https:\/\/andreha.net\/index.php?rest_route=%2Fwp%2Fv2%2Fmedia&parent=1008"}],"curies":[{"name":"wp","href":"https:\/\/api.w.org\/{rel}","templated":true}]}}