{"id":1009,"date":"2025-09-02T10:00:00","date_gmt":"2025-09-02T08:00:00","guid":{"rendered":"https:\/\/andreha.net\/?page_id=1009"},"modified":"2025-09-24T11:06:12","modified_gmt":"2025-09-24T09:06:12","slug":"kontakt","status":"publish","type":"page","link":"https:\/\/andreha.net\/?page_id=1009","title":{"rendered":"Kontakt"},"content":{"rendered":"<h1>Kontakt &amp; Termin<\/h1>\n<p><strong>Telefon:<\/strong> 0173 8294169<br \/>\n<strong>E-Mail:<\/strong> andersen@andreha.net<\/p>\n<p><em style=\"letter-spacing: -0.1px;\">Hinweis:<\/em><span style=\"letter-spacing: -0.1px;\"> Bitte senden Sie zun\u00e4chst <\/span><strong style=\"letter-spacing: -0.1px;\">keine<\/strong><span style=\"letter-spacing: -0.1px;\"> Gesundheitsdaten \u00fcber das Formular. Ich teile sichere \u00dcbertragungswege mit.<\/span><\/p>\n","protected":false},"excerpt":{"rendered":"<p>Kontakt &amp; Termin Telefon: 0173 8294169 E-Mail: andersen@andreha.net Hinweis: Bitte senden Sie zun\u00e4chst keine Gesundheitsdaten \u00fcber das Formular. Ich teile sichere \u00dcbertragungswege mit.<\/p>\n","protected":false},"author":2,"featured_media":0,"parent":0,"menu_order":8,"comment_status":"closed","ping_status":"closed","template":"","meta":{"footnotes":""},"class_list":["post-1009","page","type-page","status-publish","hentry"],"_links":{"self":[{"href":"https:\/\/andreha.net\/index.php?rest_route=\/wp\/v2\/pages\/1009","targetHints":{"allow":["GET"]}}],"collection":[{"href":"https:\/\/andreha.net\/index.php?rest_route=\/wp\/v2\/pages"}],"about":[{"href":"https:\/\/andreha.net\/index.php?rest_route=\/wp\/v2\/types\/page"}],"author":[{"embeddable":true,"href":"https:\/\/andreha.net\/index.php?rest_route=\/wp\/v2\/users\/2"}],"replies":[{"embeddable":true,"href":"https:\/\/andreha.net\/index.php?rest_route=%2Fwp%2Fv2%2Fcomments&post=1009"}],"version-history":[{"count":1,"href":"https:\/\/andreha.net\/index.php?rest_route=\/wp\/v2\/pages\/1009\/revisions"}],"predecessor-version":[{"id":1021,"href":"https:\/\/andreha.net\/index.php?rest_route=\/wp\/v2\/pages\/1009\/revisions\/1021"}],"wp:attachment":[{"href":"https:\/\/andreha.net\/index.php?rest_route=%2Fwp%2Fv2%2Fmedia&parent=1009"}],"curies":[{"name":"wp","href":"https:\/\/api.w.org\/{rel}","templated":true}]}}