{"id":1010,"date":"2025-09-02T10:00:00","date_gmt":"2025-09-02T08:00:00","guid":{"rendered":"https:\/\/andreha.net\/?page_id=1010"},"modified":"2025-09-24T11:04:53","modified_gmt":"2025-09-24T09:04:53","slug":"impressum","status":"publish","type":"page","link":"https:\/\/andreha.net\/?page_id=1010","title":{"rendered":"Impressum"},"content":{"rendered":"<p data-start=\"123\" data-end=\"148\"><strong data-start=\"123\" data-end=\"148\">Angaben gem\u00e4\u00df \u00a7 5 TMG<\/strong><\/p>\n<p data-start=\"150\" data-end=\"269\">Markus Andersen<br data-start=\"174\" data-end=\"177\" \/>Facharzt f\u00fcr Physikalische und Rehabilitative Medizin<br data-start=\"230\" data-end=\"233\" \/>Westfalenweg 86A<br data-start=\"249\" data-end=\"252\" \/>42111 Wuppertal<\/p>\n<p data-start=\"271\" data-end=\"335\"><strong data-start=\"271\" data-end=\"282\">Kontakt<\/strong><br data-start=\"282\" data-end=\"285\" \/>Telefon: 0173 8294169<br data-start=\"306\" data-end=\"309\" \/>E-Mail: andersen@andreha.net<\/p>\n<p data-start=\"337\" data-end=\"461\"><strong data-start=\"337\" data-end=\"358\">Berufsbezeichnung<\/strong><br data-start=\"358\" data-end=\"361\" \/>Facharzt f\u00fcr Physikalische und Rehabilitative Medizin, verliehen in der Bundesrepublik Deutschland<\/p>\n<p data-start=\"463\" data-end=\"570\"><strong data-start=\"463\" data-end=\"489\">Zust\u00e4ndige \u00c4rztekammer<\/strong><br data-start=\"489\" data-end=\"492\" \/>\u00c4rztekammer Nordrhein<br data-start=\"513\" data-end=\"516\" \/>Tersteegenstra\u00dfe 9<br data-start=\"534\" data-end=\"537\" \/>40474 D\u00fcsseldorf<br data-start=\"553\" data-end=\"556\" \/><a class=\"decorated-link cursor-pointer\" target=\"_new\" rel=\"noopener\" data-start=\"556\" data-end=\"568\">www.aekno.de<\/a><\/p>\n<p data-start=\"572\" data-end=\"605\"><strong data-start=\"572\" data-end=\"603\">Berufsrechtliche Regelungen<\/strong><\/p>\n<ul data-start=\"606\" data-end=\"674\">\n<li data-start=\"606\" data-end=\"630\">\n<p data-start=\"608\" data-end=\"630\">Heilberufsgesetz NRW<\/p>\n<\/li>\n<li data-start=\"631\" data-end=\"674\">\n<p data-start=\"633\" data-end=\"674\">Berufsordnung der \u00c4rztekammer Nordrhein<\/p>\n<\/li>\n<\/ul>\n<p data-start=\"676\" data-end=\"737\">Die Regelungen sind einsehbar unter:<br data-start=\"712\" data-end=\"715\" \/><a class=\"decorated-link cursor-pointer\" target=\"_new\" rel=\"noopener\" data-start=\"715\" data-end=\"735\">https:\/\/www.aekno.de<\/a><\/p>\n<p data-start=\"739\" data-end=\"785\"><strong data-start=\"739\" data-end=\"759\">Aufsichtsbeh\u00f6rde<\/strong><br data-start=\"759\" data-end=\"762\" \/>\u00c4rztekammer Nordrhein<\/p>\n<p data-start=\"787\" data-end=\"876\"><strong data-start=\"787\" data-end=\"856\">Umsatzsteuer-Identifikationsnummer gem\u00e4\u00df \u00a7 27a Umsatzsteuergesetz<\/strong><br data-start=\"856\" data-end=\"859\" \/>Nicht vorhanden<\/p>\n\n\n<p><\/p>\n","protected":false},"excerpt":{"rendered":"<p>Angaben gem\u00e4\u00df \u00a7 5 TMG Markus AndersenFacharzt f\u00fcr Physikalische und Rehabilitative MedizinWestfalenweg 86A42111 Wuppertal KontaktTelefon: 0173 8294169E-Mail: andersen@andreha.net BerufsbezeichnungFacharzt f\u00fcr Physikalische und Rehabilitative Medizin, verliehen in der Bundesrepublik Deutschland Zust\u00e4ndige \u00c4rztekammer\u00c4rztekammer NordrheinTersteegenstra\u00dfe 940474 D\u00fcsseldorfwww.aekno.de Berufsrechtliche Regelungen Heilberufsgesetz NRW Berufsordnung der \u00c4rztekammer Nordrhein Die Regelungen sind einsehbar unter:https:\/\/www.aekno.de Aufsichtsbeh\u00f6rde\u00c4rztekammer Nordrhein Umsatzsteuer-Identifikationsnummer gem\u00e4\u00df \u00a7 27a UmsatzsteuergesetzNicht vorhanden<\/p>\n","protected":false},"author":2,"featured_media":0,"parent":0,"menu_order":9,"comment_status":"closed","ping_status":"closed","template":"","meta":{"footnotes":""},"class_list":["post-1010","page","type-page","status-publish","hentry"],"_links":{"self":[{"href":"https:\/\/andreha.net\/index.php?rest_route=\/wp\/v2\/pages\/1010","targetHints":{"allow":["GET"]}}],"collection":[{"href":"https:\/\/andreha.net\/index.php?rest_route=\/wp\/v2\/pages"}],"about":[{"href":"https:\/\/andreha.net\/index.php?rest_route=\/wp\/v2\/types\/page"}],"author":[{"embeddable":true,"href":"https:\/\/andreha.net\/index.php?rest_route=\/wp\/v2\/users\/2"}],"replies":[{"embeddable":true,"href":"https:\/\/andreha.net\/index.php?rest_route=%2Fwp%2Fv2%2Fcomments&post=1010"}],"version-history":[{"count":3,"href":"https:\/\/andreha.net\/index.php?rest_route=\/wp\/v2\/pages\/1010\/revisions"}],"predecessor-version":[{"id":1019,"href":"https:\/\/andreha.net\/index.php?rest_route=\/wp\/v2\/pages\/1010\/revisions\/1019"}],"wp:attachment":[{"href":"https:\/\/andreha.net\/index.php?rest_route=%2Fwp%2Fv2%2Fmedia&parent=1010"}],"curies":[{"name":"wp","href":"https:\/\/api.w.org\/{rel}","templated":true}]}}