{"id":1011,"date":"2025-09-02T10:00:00","date_gmt":"2025-09-02T08:00:00","guid":{"rendered":"https:\/\/andreha.net\/?page_id=1011"},"modified":"2025-09-24T11:05:35","modified_gmt":"2025-09-24T09:05:35","slug":"datenschutz","status":"publish","type":"page","link":"https:\/\/andreha.net\/?page_id=1011","title":{"rendered":"Datenschutz"},"content":{"rendered":"<h2 data-start=\"398\" data-end=\"420\">. Verantwortlicher<\/h2>\n<p data-start=\"421\" data-end=\"540\">Markus Andersen<br data-start=\"445\" data-end=\"448\" \/>Facharzt f\u00fcr Physikalische und Rehabilitative Medizin<br data-start=\"501\" data-end=\"504\" \/>Westfalenweg 86A<br data-start=\"520\" data-end=\"523\" \/>42111 Wuppertal<\/p>\n<p data-start=\"542\" data-end=\"593\">Telefon: 0173 8294169<br data-start=\"563\" data-end=\"566\" \/>E-Mail: andersen@andreha.net<\/p>\n<hr data-start=\"595\" data-end=\"598\" \/>\n<h2 data-start=\"600\" data-end=\"639\">2. Allgemeines zur Datenverarbeitung<\/h2>\n<p data-start=\"640\" data-end=\"962\">Wir verarbeiten personenbezogene Daten der Nutzer unserer Website nur, soweit dies zur Bereitstellung einer funktionsf\u00e4higen Website sowie unserer Inhalte und Leistungen erforderlich ist. Die Verarbeitung erfolgt auf Grundlage der <strong data-start=\"871\" data-end=\"910\">Datenschutz-Grundverordnung (DSGVO)<\/strong> und des <strong data-start=\"919\" data-end=\"959\">Bundesdatenschutzgesetzes (BDSG-neu)<\/strong>.<\/p>\n<hr data-start=\"964\" data-end=\"967\" \/>\n<h2 data-start=\"969\" data-end=\"1060\">3. Erhebung und Speicherung personenbezogener Daten sowie Art und Zweck ihrer Verwendung<\/h2>\n<h3 data-start=\"1062\" data-end=\"1094\">a) Beim Besuch der Website<\/h3>\n<p data-start=\"1095\" data-end=\"1406\">Beim Aufrufen unserer Website <a class=\"decorated-link\" href=\"http:\/\/www.andrea.net\" target=\"_new\" rel=\"noopener\" data-start=\"1125\" data-end=\"1139\">www.andrea.net<\/a> \/ <a class=\"decorated-link\" href=\"http:\/\/www.andreha.net\" target=\"_new\" rel=\"noopener\" data-start=\"1142\" data-end=\"1157\">www.andreha.net<\/a> werden durch den auf Ihrem Endger\u00e4t zum Einsatz kommenden Browser automatisch Informationen an den Server unserer Website gesendet. Diese Informationen werden tempor\u00e4r in einem sog. Logfile gespeichert.<br data-start=\"1360\" data-end=\"1363\" \/>Erfasst werden k\u00f6nnen dabei insbesondere:<\/p>\n<ul data-start=\"1407\" data-end=\"1685\">\n<li data-start=\"1407\" data-end=\"1446\">\n<p data-start=\"1409\" data-end=\"1446\">IP-Adresse des anfragenden Rechners<\/p>\n<\/li>\n<li data-start=\"1447\" data-end=\"1481\">\n<p data-start=\"1449\" data-end=\"1481\">Datum und Uhrzeit des Zugriffs<\/p>\n<\/li>\n<li data-start=\"1482\" data-end=\"1520\">\n<p data-start=\"1484\" data-end=\"1520\">Name und URL der abgerufenen Datei<\/p>\n<\/li>\n<li data-start=\"1521\" data-end=\"1580\">\n<p data-start=\"1523\" data-end=\"1580\">Website, von der aus der Zugriff erfolgt (Referrer-URL)<\/p>\n<\/li>\n<li data-start=\"1581\" data-end=\"1685\">\n<p data-start=\"1583\" data-end=\"1685\">verwendeter Browser und ggf. das Betriebssystem Ihres Rechners sowie der Name Ihres Access-Providers<\/p>\n<\/li>\n<\/ul>\n<p data-start=\"1687\" data-end=\"1759\">Die genannten Daten werden durch uns zu folgenden Zwecken verarbeitet:<\/p>\n<ul data-start=\"1760\" data-end=\"1983\">\n<li data-start=\"1760\" data-end=\"1829\">\n<p data-start=\"1762\" data-end=\"1829\">Gew\u00e4hrleistung eines reibungslosen Verbindungsaufbaus der Website<\/p>\n<\/li>\n<li data-start=\"1830\" data-end=\"1891\">\n<p data-start=\"1832\" data-end=\"1891\">Gew\u00e4hrleistung einer komfortablen Nutzung unserer Website<\/p>\n<\/li>\n<li data-start=\"1892\" data-end=\"1943\">\n<p data-start=\"1894\" data-end=\"1943\">Auswertung der Systemsicherheit und -stabilit\u00e4t<\/p>\n<\/li>\n<li data-start=\"1944\" data-end=\"1983\">\n<p data-start=\"1946\" data-end=\"1983\">zu weiteren administrativen Zwecken<\/p>\n<\/li>\n<\/ul>\n<p data-start=\"1985\" data-end=\"2085\">Rechtsgrundlage f\u00fcr die Datenverarbeitung ist Art. 6 Abs. 1 lit. f DSGVO (berechtigtes Interesse).<\/p>\n<h3 data-start=\"2087\" data-end=\"2130\">b) Bei Nutzung der Kontaktm\u00f6glichkeit<\/h3>\n<p data-start=\"2131\" data-end=\"2486\">Sofern Sie uns per E-Mail oder Telefon kontaktieren, werden die von Ihnen mitgeteilten Daten (z. B. Name, E-Mail-Adresse, Telefonnummer, Anliegen) gespeichert, um Ihre Anfrage zu bearbeiten.<br data-start=\"2321\" data-end=\"2324\" \/>Rechtsgrundlage ist Art. 6 Abs. 1 lit. b DSGVO (Vertragsanbahnung oder -durchf\u00fchrung) bzw. Art. 6 Abs. 1 lit. f DSGVO (berechtigtes Interesse an Kommunikation).<\/p>\n<hr data-start=\"2488\" data-end=\"2491\" \/>\n<h2 data-start=\"2493\" data-end=\"2519\">4. Weitergabe von Daten<\/h2>\n<p data-start=\"2520\" data-end=\"2630\">Eine \u00dcbermittlung Ihrer pers\u00f6nlichen Daten an Dritte findet grunds\u00e4tzlich nicht statt, es sei denn, dies ist<\/p>\n<ul data-start=\"2631\" data-end=\"2755\">\n<li data-start=\"2631\" data-end=\"2678\">\n<p data-start=\"2633\" data-end=\"2678\">zur Bearbeitung Ihrer Anfrage erforderlich,<\/p>\n<\/li>\n<li data-start=\"2679\" data-end=\"2714\">\n<p data-start=\"2681\" data-end=\"2714\">gesetzlich vorgeschrieben, oder<\/p>\n<\/li>\n<li data-start=\"2715\" data-end=\"2755\">\n<p data-start=\"2717\" data-end=\"2755\">Sie haben ausdr\u00fccklich eingewilligt.<\/p>\n<\/li>\n<\/ul>\n<hr data-start=\"2757\" data-end=\"2760\" \/>\n<h2 data-start=\"2762\" data-end=\"2806\">5. Cookies \/ Analyse-Tools \/ Social Media<\/h2>\n<p data-start=\"2807\" data-end=\"3041\">Diese Website verwendet <strong data-start=\"2831\" data-end=\"2881\">keine Cookies zu Tracking- oder Analysezwecken<\/strong>.<br data-start=\"2882\" data-end=\"2885\" \/>Sollten in Zukunft Analyse-Tools (z. B. Google Analytics) oder Social-Media-Plugins eingesetzt werden, wird die Datenschutzerkl\u00e4rung entsprechend erg\u00e4nzt.<\/p>\n<hr data-start=\"3043\" data-end=\"3046\" \/>\n<h2 data-start=\"3048\" data-end=\"3071\">6. Betroffenenrechte<\/h2>\n<p data-start=\"3072\" data-end=\"3094\">Sie haben das Recht:<\/p>\n<ul data-start=\"3095\" data-end=\"3980\">\n<li data-start=\"3095\" data-end=\"3197\">\n<p data-start=\"3097\" data-end=\"3197\">gem\u00e4\u00df Art. 15 DSGVO Auskunft \u00fcber Ihre von uns verarbeiteten personenbezogenen Daten zu verlangen,<\/p>\n<\/li>\n<li data-start=\"3198\" data-end=\"3334\">\n<p data-start=\"3200\" data-end=\"3334\">gem\u00e4\u00df Art. 16 DSGVO unverz\u00fcglich die Berichtigung unrichtiger oder Vervollst\u00e4ndigung Ihrer bei uns gespeicherten Daten zu verlangen,<\/p>\n<\/li>\n<li data-start=\"3335\" data-end=\"3449\">\n<p data-start=\"3337\" data-end=\"3449\">gem\u00e4\u00df Art. 17 DSGVO die L\u00f6schung Ihrer bei uns gespeicherten Daten zu verlangen (\u201eRecht auf Vergessenwerden\u201c),<\/p>\n<\/li>\n<li data-start=\"3450\" data-end=\"3522\">\n<p data-start=\"3452\" data-end=\"3522\">gem\u00e4\u00df Art. 18 DSGVO die Einschr\u00e4nkung der Verarbeitung zu verlangen,<\/p>\n<\/li>\n<li data-start=\"3523\" data-end=\"3720\">\n<p data-start=\"3525\" data-end=\"3720\">gem\u00e4\u00df Art. 20 DSGVO Ihre personenbezogenen Daten in einem strukturierten, g\u00e4ngigen und maschinenlesbaren Format zu erhalten oder die \u00dcbermittlung an einen anderen Verantwortlichen zu verlangen,<\/p>\n<\/li>\n<li data-start=\"3721\" data-end=\"3803\">\n<p data-start=\"3723\" data-end=\"3803\">gem\u00e4\u00df Art. 21 DSGVO Widerspruch gegen die Verarbeitung Ihrer Daten einzulegen,<\/p>\n<\/li>\n<li data-start=\"3804\" data-end=\"3980\">\n<p data-start=\"3806\" data-end=\"3980\">gem\u00e4\u00df Art. 77 DSGVO sich bei einer Aufsichtsbeh\u00f6rde zu beschweren (zust\u00e4ndig ist in NRW die Landesbeauftragte f\u00fcr Datenschutz und Informationsfreiheit NRW, <a class=\"decorated-link cursor-pointer\" target=\"_new\" rel=\"noopener\" data-start=\"3962\" data-end=\"3976\">www.ldi.nrw.de<\/a>).<\/p>\n<\/li>\n<\/ul>\n<hr data-start=\"3982\" data-end=\"3985\" \/>\n<h2 data-start=\"3987\" data-end=\"4008\">7. Datensicherheit<\/h2>\n<p data-start=\"4009\" data-end=\"4192\">Wir verwenden geeignete technische und organisatorische Sicherheitsma\u00dfnahmen, um Ihre Daten gegen Manipulation, Verlust, Zerst\u00f6rung oder unbefugten Zugriff durch Dritte zu sch\u00fctzen.<\/p>\n<hr data-start=\"4194\" data-end=\"4197\" \/>\n<h2 data-start=\"4199\" data-end=\"4256\">8. Aktualit\u00e4t und \u00c4nderung dieser Datenschutzerkl\u00e4rung<\/h2>\n<p data-start=\"4257\" data-end=\"4505\">Diese Datenschutzerkl\u00e4rung ist aktuell g\u00fcltig und hat den Stand: September 2025.<br data-start=\"4337\" data-end=\"4340\" \/>Durch die Weiterentwicklung unserer Website oder aufgrund ge\u00e4nderter gesetzlicher bzw. beh\u00f6rdlicher Vorgaben kann eine Anpassung dieser Erkl\u00e4rung notwendig werden.<\/p>\n","protected":false},"excerpt":{"rendered":"<p>. Verantwortlicher Markus AndersenFacharzt f\u00fcr Physikalische und Rehabilitative MedizinWestfalenweg 86A42111 Wuppertal Telefon: 0173 8294169E-Mail: andersen@andreha.net 2. Allgemeines zur Datenverarbeitung Wir verarbeiten personenbezogene Daten der Nutzer unserer Website nur, soweit dies zur Bereitstellung einer funktionsf\u00e4higen Website sowie unserer Inhalte und Leistungen erforderlich ist. Die Verarbeitung erfolgt auf Grundlage der Datenschutz-Grundverordnung (DSGVO) und des Bundesdatenschutzgesetzes (BDSG-neu). 3. [&hellip;]<\/p>\n","protected":false},"author":2,"featured_media":0,"parent":0,"menu_order":10,"comment_status":"closed","ping_status":"closed","template":"","meta":{"footnotes":""},"class_list":["post-1011","page","type-page","status-publish","hentry"],"_links":{"self":[{"href":"https:\/\/andreha.net\/index.php?rest_route=\/wp\/v2\/pages\/1011","targetHints":{"allow":["GET"]}}],"collection":[{"href":"https:\/\/andreha.net\/index.php?rest_route=\/wp\/v2\/pages"}],"about":[{"href":"https:\/\/andreha.net\/index.php?rest_route=\/wp\/v2\/types\/page"}],"author":[{"embeddable":true,"href":"https:\/\/andreha.net\/index.php?rest_route=\/wp\/v2\/users\/2"}],"replies":[{"embeddable":true,"href":"https:\/\/andreha.net\/index.php?rest_route=%2Fwp%2Fv2%2Fcomments&post=1011"}],"version-history":[{"count":1,"href":"https:\/\/andreha.net\/index.php?rest_route=\/wp\/v2\/pages\/1011\/revisions"}],"predecessor-version":[{"id":1020,"href":"https:\/\/andreha.net\/index.php?rest_route=\/wp\/v2\/pages\/1011\/revisions\/1020"}],"wp:attachment":[{"href":"https:\/\/andreha.net\/index.php?rest_route=%2Fwp%2Fv2%2Fmedia&parent=1011"}],"curies":[{"name":"wp","href":"https:\/\/api.w.org\/{rel}","templated":true}]}}